{"id":3,"date":"2025-09-16T15:39:18","date_gmt":"2025-09-16T15:39:18","guid":{"rendered":"http:\/\/chathoppa.com\/?page_id=3"},"modified":"2025-09-17T12:57:45","modified_gmt":"2025-09-17T12:57:45","slug":"privacy-policy","status":"publish","type":"page","link":"https:\/\/chathoppa.com\/pt\/privacy-policy\/","title":{"rendered":"Pol\u00edtica de privacidade"},"content":{"rendered":"<p>Temos o compromisso de proteger a privacidade de nossos usu\u00e1rios de servi\u00e7os.<\/p>\n\n\n\n<p>Esta pol\u00edtica se aplica quando atuamos como controladores de dados em rela\u00e7\u00e3o aos dados pessoais de nossos usu\u00e1rios de servi\u00e7os; em outras palavras, quando determinamos as finalidades e os meios de processamento de dados pessoais.<\/p>\n\n\n\n<p>Ao usar nosso servi\u00e7o, voc\u00ea concorda com a transmiss\u00e3o de dados pessoais conforme especificado nesta pol\u00edtica.<\/p>\n\n\n\n<hr class=\"wp-block-separator has-alpha-channel-opacity\"\/>\n\n\n\n<h2 class=\"wp-block-heading\">Como usamos seus dados pessoais<\/h2>\n\n\n\n<h3 class=\"wp-block-heading\">Dados do perfil<\/h3>\n\n\n\n<p>Podemos processar informa\u00e7\u00f5es inclu\u00eddas em seu perfil pessoal em nosso servi\u00e7o (\u201cdados do perfil\u201d). Esses dados podem incluir seu nome, idade, endere\u00e7o de e-mail, foto do perfil e outras informa\u00e7\u00f5es que voc\u00ea nos autorizar a coletar. Para autentica\u00e7\u00e3o e cria\u00e7\u00e3o de conta, podemos usar servi\u00e7os externos, como o Login do Google ou o Login do Facebook, solicitando acesso a dados espec\u00edficos, como seu nome, e-mail e foto do perfil, para agilizar o registro.<\/p>\n\n\n\n<p>N\u00e3o acessamos ou coletamos dados pessoais adicionais dessas plataformas al\u00e9m do que est\u00e1 descrito nesta pol\u00edtica. Os dados de perfil s\u00e3o processados para permitir e monitorar seu uso de nosso servi\u00e7o.<\/p>\n\n\n\n<h3 class=\"wp-block-heading\">Dados de uso<\/h3>\n\n\n\n<p>Podemos processar dados sobre seu uso de nosso servi\u00e7o (\u201cdados de uso\u201d). Os dados de uso podem incluir seu endere\u00e7o IP, localiza\u00e7\u00e3o geogr\u00e1fica (limitada a pa\u00eds e estado), tipo e vers\u00e3o do navegador, sistema operacional, fonte de refer\u00eancia, dura\u00e7\u00e3o da visita, visualiza\u00e7\u00f5es de p\u00e1gina e caminhos de navega\u00e7\u00e3o. Esses dados s\u00e3o coletados por meio de nosso sistema de rastreamento anal\u00edtico para analisar padr\u00f5es de uso e aprimorar nosso servi\u00e7o.<\/p>\n\n\n\n<p>A base legal para esse processamento \u00e9 o seu consentimento (conforme manifestado pelo seu uso do nosso servi\u00e7o) e nossos interesses leg\u00edtimos em aprimorar nosso servi\u00e7o.<\/p>\n\n\n\n<h3 class=\"wp-block-heading\">Dados de consulta<\/h3>\n\n\n\n<p>Podemos processar os dados contidos em qualquer consulta que voc\u00ea nos enviar sobre nossos servi\u00e7os (\u201cdados de consulta\u201d). Esses dados s\u00e3o processados para responder \u00e0s suas consultas e promover ofertas relevantes.<\/p>\n\n\n\n<h3 class=\"wp-block-heading\">Dados de comunica\u00e7\u00e3o e correspond\u00eancia<\/h3>\n\n\n\n<p>Podemos processar informa\u00e7\u00f5es de comunica\u00e7\u00f5es enviadas por meio de nosso servi\u00e7o (\u201cdados de correspond\u00eancia\u201d). Isso pode incluir o conte\u00fado da mensagem, metadados e informa\u00e7\u00f5es relacionadas. Os dados s\u00e3o processados para facilitar a comunica\u00e7\u00e3o e garantir a manuten\u00e7\u00e3o de registros adequados para a melhoria do servi\u00e7o.<\/p>\n\n\n\n<h3 class=\"wp-block-heading\">Dados de transa\u00e7\u00e3o<\/h3>\n\n\n\n<p>Podemos processar dados relacionados a compras ou transa\u00e7\u00f5es feitas por meio de nosso servi\u00e7o (\u201cdados da transa\u00e7\u00e3o\u201d). Esses dados podem incluir seus detalhes de contato, informa\u00e7\u00f5es de pagamento e detalhes da transa\u00e7\u00e3o. O objetivo \u00e9 fornecer os servi\u00e7os adquiridos e manter registros financeiros adequados.<\/p>\n\n\n\n<h3 class=\"wp-block-heading\">Dados do cliente<\/h3>\n\n\n\n<p>Podemos coletar informa\u00e7\u00f5es sobre o seu dispositivo, navegador e sistema operacional (\u201cdados do cliente\u201d) para aprimorar a experi\u00eancia do usu\u00e1rio e melhorar a administra\u00e7\u00e3o do servi\u00e7o. Isso inclui dados como fabricante do dispositivo, vers\u00e3o do navegador e endere\u00e7o IP.<\/p>\n\n\n\n<h3 class=\"wp-block-heading\">Dados de mensagem e comunica\u00e7\u00e3o<\/h3>\n\n\n\n<p>Podemos processar informa\u00e7\u00f5es sobre mensagens de texto ou comunica\u00e7\u00f5es de v\u00eddeo enviadas por meio de nossa plataforma (\u201cdados de mensagens\u201d e \u201cdados de comunica\u00e7\u00e3o\u201d). Esses dados s\u00e3o usados para facilitar a comunica\u00e7\u00e3o, monitorar o desempenho do servi\u00e7o e atender a reclama\u00e7\u00f5es ou comportamentos inadequados.<\/p>\n\n\n\n<h3 class=\"wp-block-heading\">Dados de banimento e reclama\u00e7\u00e3o<\/h3>\n\n\n\n<p>Podemos processar informa\u00e7\u00f5es relacionadas a proibi\u00e7\u00f5es ou reclama\u00e7\u00f5es (\u201cdados de proibi\u00e7\u00e3o\u201d e \u201cdados de reclama\u00e7\u00e3o\u201d) para aplicar nossos termos de servi\u00e7o. Os dados de banimento podem incluir imagens de quadros de v\u00eddeo relatados pelos usu\u00e1rios ou sinalizados pelo nosso sistema por comportamento inadequado.<\/p>\n\n\n\n<h3 class=\"wp-block-heading\">Dados de registro<\/h3>\n\n\n\n<p>Como a maioria das plataformas, processamos os dados de registro coletados pelo seu navegador durante as visitas ao nosso site. Isso inclui endere\u00e7os IP, tipo e vers\u00e3o do navegador, p\u00e1ginas visitadas e tempo gasto em nosso site. Esses dados n\u00e3o incluem informa\u00e7\u00f5es de identifica\u00e7\u00e3o pessoal.<\/p>\n\n\n\n<hr class=\"wp-block-separator has-alpha-channel-opacity\"\/>\n\n\n\n<h2 class=\"wp-block-heading\">Fornecimento de seus dados pessoais a terceiros<\/h2>\n\n\n\n<ul class=\"wp-block-list\">\n<li><strong>Processadores de pagamento<\/strong>: Podemos compartilhar dados de transa\u00e7\u00f5es com processadores de pagamento (por exemplo, PayPal, Stripe e Google Pay) para processar pagamentos e lidar com disputas.<\/li>\n\n\n\n<li><strong>Servi\u00e7os de terceiros<\/strong>: As integra\u00e7\u00f5es externas, como o Google Analytics, podem coletar dados para analisar o comportamento do usu\u00e1rio e melhorar nossos servi\u00e7os. Para obter detalhes, consulte suas respectivas pol\u00edticas de privacidade.<\/li>\n<\/ul>\n\n\n\n<hr class=\"wp-block-separator has-alpha-channel-opacity\"\/>\n\n\n\n<h2 class=\"wp-block-heading\">Transfer\u00eancias internacionais de seus dados<\/h2>\n\n\n\n<p>Nossas instala\u00e7\u00f5es de hospedagem est\u00e3o localizadas nos Estados Unidos e na Europa. Os usu\u00e1rios fora dessas regi\u00f5es devem estar cientes de que seus dados podem ser processados em pa\u00edses com leis de privacidade diferentes. Ao usar nosso servi\u00e7o, voc\u00ea concorda com essas transfer\u00eancias de dados.<\/p>\n\n\n\n<hr class=\"wp-block-separator has-alpha-channel-opacity\"\/>\n\n\n\n<h2 class=\"wp-block-heading\">Reten\u00e7\u00e3o e exclus\u00e3o de dados pessoais<\/h2>\n\n\n\n<p>Retemos os dados pessoais somente pelo tempo necess\u00e1rio para os fins especificados nesta pol\u00edtica. Por exemplo:<\/p>\n\n\n\n<ul class=\"wp-block-list\">\n<li><strong>Dados do perfil<\/strong>: Retido enquanto sua conta estiver ativa.<\/li>\n\n\n\n<li><strong>Dados da mensagem<\/strong>: N\u00e3o \u00e9 armazenado al\u00e9m da transmiss\u00e3o, a menos que seja sinalizado para revis\u00e3o (por exemplo, no caso de proibi\u00e7\u00f5es).<\/li>\n\n\n\n<li><strong>Dados de proibi\u00e7\u00e3o<\/strong>: Retido durante o per\u00edodo de proibi\u00e7\u00e3o.<\/li>\n<\/ul>\n\n\n\n<p>Voc\u00ea pode solicitar a exclus\u00e3o de seus dados entrando em contato conosco, exceto quando a reten\u00e7\u00e3o for exigida por lei.<\/p>\n\n\n\n<hr class=\"wp-block-separator has-alpha-channel-opacity\"\/>\n\n\n\n<h2 class=\"wp-block-heading\">Prote\u00e7\u00e3o de seus dados pessoais<\/h2>\n\n\n\n<p>Implementamos medidas de seguran\u00e7a padr\u00e3o do setor para proteger os dados do usu\u00e1rio, incluindo:<\/p>\n\n\n\n<ul class=\"wp-block-list\">\n<li>Transmiss\u00e3o segura de dados via SSL.<\/li>\n\n\n\n<li>Ambientes de hospedagem seguros.<\/li>\n\n\n\n<li>Restri\u00e7\u00f5es de acesso somente para pessoal autorizado.<\/li>\n<\/ul>\n\n\n\n<p>No entanto, nenhum sistema \u00e9 100% seguro. Os usu\u00e1rios transmitem dados por sua pr\u00f3pria conta e risco. Se achar que seus dados foram comprometidos, entre em contato conosco imediatamente.<\/p>\n\n\n\n<hr class=\"wp-block-separator has-alpha-channel-opacity\"\/>\n\n\n\n<h2 class=\"wp-block-heading\">Cookies<\/h2>\n\n\n\n<p>Usamos cookies para aprimorar a experi\u00eancia do usu\u00e1rio e rastrear o uso do site. Cookies s\u00e3o pequenos arquivos armazenados em seu dispositivo, usados para fins como autentica\u00e7\u00e3o e an\u00e1lise.<\/p>\n\n\n\n<p>Voc\u00ea pode gerenciar ou bloquear cookies por meio das configura\u00e7\u00f5es do navegador. Observe que a desativa\u00e7\u00e3o dos cookies pode afetar a funcionalidade do nosso servi\u00e7o.<\/p>\n\n\n\n<hr class=\"wp-block-separator has-alpha-channel-opacity\"\/>\n\n\n\n<h2 class=\"wp-block-heading\">Seus direitos<\/h2>\n\n\n\n<p>Dependendo da sua localiza\u00e7\u00e3o, voc\u00ea pode ter os seguintes direitos em rela\u00e7\u00e3o aos seus dados:<\/p>\n\n\n\n<ul class=\"wp-block-list\">\n<li>Solicitar acesso, corre\u00e7\u00e3o ou exclus\u00e3o de seus dados.<\/li>\n\n\n\n<li>Objetar ou restringir o processamento de dados.<\/li>\n\n\n\n<li>Retirar o consentimento a qualquer momento.<\/li>\n<\/ul>\n\n\n\n<p>Para exercer seus direitos, entre em contato conosco pelo e-mail<strong>\u00a0<a href=\"mailto:support@chathoppa.com\">support@chathoppa.com<\/a><\/strong>.<\/p>\n\n\n\n<hr class=\"wp-block-separator has-alpha-channel-opacity\"\/>\n\n\n\n<h2 class=\"wp-block-heading\">Privacidade das crian\u00e7as<\/h2>\n\n\n\n<p><a href=\"https:\/\/chathoppa.com\/pt\/\">ChatHoppa<\/a>.com n\u00e3o se destina a pessoas menores de 18 anos. N\u00e3o coletamos intencionalmente dados de crian\u00e7as. Se tomarmos conhecimento de que os dados de um menor foram coletados, tomaremos as medidas necess\u00e1rias para exclu\u00ed-los imediatamente.<\/p>\n\n\n\n<hr class=\"wp-block-separator has-alpha-channel-opacity\"\/>\n\n\n\n<h2 class=\"wp-block-heading\">Emendas<\/h2>\n\n\n\n<p>Esta pol\u00edtica pode ser atualizada de tempos em tempos. Consulte esta p\u00e1gina periodicamente para se manter informado sobre como protegemos seus dados.<\/p>\n\n\n\n<hr class=\"wp-block-separator has-alpha-channel-opacity\"\/>\n\n\n\n<h2 class=\"wp-block-heading\">Entre em contato conosco<\/h2>\n\n\n\n<p>Em caso de d\u00favidas ou preocupa\u00e7\u00f5es sobre esta pol\u00edtica, entre em contato conosco\u00a0<strong><a href=\"mailto:support@chathoppa.com\">support@chathoppa.com<\/a><\/strong>.<\/p>\n\n\n\n<p><\/p>","protected":false},"excerpt":{"rendered":"<p>We are committed to safeguarding the privacy of our service users. This policy applies where we act as a data controller with respect to the personal data of our service users; in other words, where we determine the purposes and means of processing personal data. By using our service, you consent to the transmission of [&hellip;]<\/p>","protected":false},"author":2,"featured_media":0,"parent":0,"menu_order":0,"comment_status":"closed","ping_status":"open","template":"","meta":{"_acf_changed":false,"footnotes":""},"class_list":["post-3","page","type-page","status-publish","hentry"],"acf":[],"yoast_head":"<!-- This site is optimized with the Yoast SEO plugin v26.8 - https:\/\/yoast.com\/product\/yoast-seo-wordpress\/ -->\n<title>Privacy Policy - chathoppa.com<\/title>\n<meta name=\"robots\" content=\"index, follow, max-snippet:-1, max-image-preview:large, max-video-preview:-1\" \/>\n<link rel=\"canonical\" href=\"https:\/\/chathoppa.com\/pt\/privacy-policy\/\" \/>\n<meta property=\"og:locale\" content=\"pt_BR\" \/>\n<meta property=\"og:type\" content=\"article\" \/>\n<meta property=\"og:title\" content=\"Privacy Policy - chathoppa.com\" \/>\n<meta property=\"og:description\" content=\"We are committed to safeguarding the privacy of our service users. This policy applies where we act as a data controller with respect to the personal data of our service users; in other words, where we determine the purposes and means of processing personal data. By using our service, you consent to the transmission of [&hellip;]\" \/>\n<meta property=\"og:url\" content=\"https:\/\/chathoppa.com\/pt\/privacy-policy\/\" \/>\n<meta property=\"og:site_name\" content=\"chathoppa.com\" \/>\n<meta property=\"article:modified_time\" content=\"2025-09-17T12:57:45+00:00\" \/>\n<meta name=\"twitter:card\" content=\"summary_large_image\" \/>\n<meta name=\"twitter:label1\" content=\"Est. tempo de leitura\" \/>\n\t<meta name=\"twitter:data1\" content=\"5 minutos\" \/>\n<script type=\"application\/ld+json\" class=\"yoast-schema-graph\">{\"@context\":\"https:\/\/schema.org\",\"@graph\":[{\"@type\":\"WebPage\",\"@id\":\"https:\/\/chathoppa.com\/privacy-policy\/\",\"url\":\"https:\/\/chathoppa.com\/privacy-policy\/\",\"name\":\"Privacy Policy - chathoppa.com\",\"isPartOf\":{\"@id\":\"https:\/\/chathoppa.com\/#website\"},\"datePublished\":\"2025-09-16T15:39:18+00:00\",\"dateModified\":\"2025-09-17T12:57:45+00:00\",\"breadcrumb\":{\"@id\":\"https:\/\/chathoppa.com\/privacy-policy\/#breadcrumb\"},\"inLanguage\":\"pt-BR\",\"potentialAction\":[{\"@type\":\"ReadAction\",\"target\":[\"https:\/\/chathoppa.com\/privacy-policy\/\"]}]},{\"@type\":\"BreadcrumbList\",\"@id\":\"https:\/\/chathoppa.com\/privacy-policy\/#breadcrumb\",\"itemListElement\":[{\"@type\":\"ListItem\",\"position\":1,\"name\":\"Home\",\"item\":\"https:\/\/chathoppa.com\/\"},{\"@type\":\"ListItem\",\"position\":2,\"name\":\"Privacy Policy\"}]},{\"@type\":\"WebSite\",\"@id\":\"https:\/\/chathoppa.com\/#website\",\"url\":\"https:\/\/chathoppa.com\/\",\"name\":\"chathoppa.com\",\"description\":\"\",\"publisher\":{\"@id\":\"https:\/\/chathoppa.com\/#organization\"},\"potentialAction\":[{\"@type\":\"SearchAction\",\"target\":{\"@type\":\"EntryPoint\",\"urlTemplate\":\"https:\/\/chathoppa.com\/?s={search_term_string}\"},\"query-input\":{\"@type\":\"PropertyValueSpecification\",\"valueRequired\":true,\"valueName\":\"search_term_string\"}}],\"inLanguage\":\"pt-BR\"},{\"@type\":\"Organization\",\"@id\":\"https:\/\/chathoppa.com\/#organization\",\"name\":\"chathoppa.com\",\"url\":\"https:\/\/chathoppa.com\/\",\"logo\":{\"@type\":\"ImageObject\",\"inLanguage\":\"pt-BR\",\"@id\":\"https:\/\/chathoppa.com\/#\/schema\/logo\/image\/\",\"url\":\"https:\/\/chathoppa.com\/wp-content\/uploads\/2025\/09\/cropped-ChatHoppa-Logo.png\",\"contentUrl\":\"https:\/\/chathoppa.com\/wp-content\/uploads\/2025\/09\/cropped-ChatHoppa-Logo.png\",\"width\":1536,\"height\":354,\"caption\":\"chathoppa.com\"},\"image\":{\"@id\":\"https:\/\/chathoppa.com\/#\/schema\/logo\/image\/\"}}]}<\/script>\n<!-- \/ Yoast SEO plugin. -->","yoast_head_json":{"title":"Pol\u00edtica de Privacidade - chathoppa.com","robots":{"index":"index","follow":"follow","max-snippet":"max-snippet:-1","max-image-preview":"max-image-preview:large","max-video-preview":"max-video-preview:-1"},"canonical":"https:\/\/chathoppa.com\/pt\/privacy-policy\/","og_locale":"pt_BR","og_type":"article","og_title":"Privacy Policy - chathoppa.com","og_description":"We are committed to safeguarding the privacy of our service users. This policy applies where we act as a data controller with respect to the personal data of our service users; in other words, where we determine the purposes and means of processing personal data. By using our service, you consent to the transmission of [&hellip;]","og_url":"https:\/\/chathoppa.com\/pt\/privacy-policy\/","og_site_name":"chathoppa.com","article_modified_time":"2025-09-17T12:57:45+00:00","twitter_card":"summary_large_image","twitter_misc":{"Est. tempo de leitura":"5 minutos"},"schema":{"@context":"https:\/\/schema.org","@graph":[{"@type":"WebPage","@id":"https:\/\/chathoppa.com\/privacy-policy\/","url":"https:\/\/chathoppa.com\/privacy-policy\/","name":"Pol\u00edtica de Privacidade - chathoppa.com","isPartOf":{"@id":"https:\/\/chathoppa.com\/#website"},"datePublished":"2025-09-16T15:39:18+00:00","dateModified":"2025-09-17T12:57:45+00:00","breadcrumb":{"@id":"https:\/\/chathoppa.com\/privacy-policy\/#breadcrumb"},"inLanguage":"pt-BR","potentialAction":[{"@type":"ReadAction","target":["https:\/\/chathoppa.com\/privacy-policy\/"]}]},{"@type":"BreadcrumbList","@id":"https:\/\/chathoppa.com\/privacy-policy\/#breadcrumb","itemListElement":[{"@type":"ListItem","position":1,"name":"Home","item":"https:\/\/chathoppa.com\/"},{"@type":"ListItem","position":2,"name":"Privacy Policy"}]},{"@type":"WebSite","@id":"https:\/\/chathoppa.com\/#website","url":"https:\/\/chathoppa.com\/","name":"chathoppa.com","description":"","publisher":{"@id":"https:\/\/chathoppa.com\/#organization"},"potentialAction":[{"@type":"SearchAction","target":{"@type":"EntryPoint","urlTemplate":"https:\/\/chathoppa.com\/?s={search_term_string}"},"query-input":{"@type":"PropertyValueSpecification","valueRequired":true,"valueName":"search_term_string"}}],"inLanguage":"pt-BR"},{"@type":"Organization","@id":"https:\/\/chathoppa.com\/#organization","name":"chathoppa.com","url":"https:\/\/chathoppa.com\/","logo":{"@type":"ImageObject","inLanguage":"pt-BR","@id":"https:\/\/chathoppa.com\/#\/schema\/logo\/image\/","url":"https:\/\/chathoppa.com\/wp-content\/uploads\/2025\/09\/cropped-ChatHoppa-Logo.png","contentUrl":"https:\/\/chathoppa.com\/wp-content\/uploads\/2025\/09\/cropped-ChatHoppa-Logo.png","width":1536,"height":354,"caption":"chathoppa.com"},"image":{"@id":"https:\/\/chathoppa.com\/#\/schema\/logo\/image\/"}}]}},"_links":{"self":[{"href":"https:\/\/chathoppa.com\/pt\/wp-json\/wp\/v2\/pages\/3","targetHints":{"allow":["GET"]}}],"collection":[{"href":"https:\/\/chathoppa.com\/pt\/wp-json\/wp\/v2\/pages"}],"about":[{"href":"https:\/\/chathoppa.com\/pt\/wp-json\/wp\/v2\/types\/page"}],"author":[{"embeddable":true,"href":"https:\/\/chathoppa.com\/pt\/wp-json\/wp\/v2\/users\/2"}],"replies":[{"embeddable":true,"href":"https:\/\/chathoppa.com\/pt\/wp-json\/wp\/v2\/comments?post=3"}],"version-history":[{"count":1,"href":"https:\/\/chathoppa.com\/pt\/wp-json\/wp\/v2\/pages\/3\/revisions"}],"predecessor-version":[{"id":96,"href":"https:\/\/chathoppa.com\/pt\/wp-json\/wp\/v2\/pages\/3\/revisions\/96"}],"wp:attachment":[{"href":"https:\/\/chathoppa.com\/pt\/wp-json\/wp\/v2\/media?parent=3"}],"curies":[{"name":"wp","href":"https:\/\/api.w.org\/{rel}","templated":true}]}}